{"id":121,"date":"2026-02-12T08:05:10","date_gmt":"2026-02-12T08:05:10","guid":{"rendered":"http:\/\/beta.weberlaw.de\/?page_id=121"},"modified":"2026-03-30T21:28:51","modified_gmt":"2026-03-30T21:28:51","slug":"referenzen-weber-i-recht-steuern","status":"publish","type":"page","link":"https:\/\/www.weberlaw.de\/de\/referenzen-weber-i-recht-steuern\/","title":{"rendered":"Referenzen"},"content":{"rendered":"\n<style type=\"text\/css\" data-created_by=\"avia_inline_auto\" id=\"style-css-av-7mqw-192be01ef85694b9b01c38279bacd713\">\n.avia-section.av-7mqw-192be01ef85694b9b01c38279bacd713{\nbackground-repeat:no-repeat;\nbackground-image:url(https:\/\/www.weberlaw.de\/wp-content\/uploads\/2020\/04\/referenzen-1.jpg);\nbackground-position:50% 50%;\nbackground-attachment:scroll;\n}\n.avia-section.av-7mqw-192be01ef85694b9b01c38279bacd713 .av-section-color-overlay{\nopacity:0.1;\nbackground-color:#000000;\n}\n<\/style>\n<div id='av_section_1'  class='avia-section av-7mqw-192be01ef85694b9b01c38279bacd713 main_color avia-section-default avia-no-border-styling  avia-builder-el-0  el_before_av_section  avia-builder-el-first  heading-roboto avia-full-stretch avia-bg-style-scroll av-section-color-overlay-active av-minimum-height av-minimum-height-50 av-height-50  container_wrap fullsize'  data-section-bg-repeat='stretch' data-av_minimum_height_pc='50' data-av_min_height_opt='50'><div class=\"av-section-color-overlay-wrap\"><div class=\"av-section-color-overlay\"><\/div><div class='container av-section-cont-open' ><main  role=\"main\" itemprop=\"mainContentOfPage\"  class='template-page content  av-content-full alpha units'><div class='post-entry post-entry-type-page post-entry-121'><div class='entry-content-wrapper clearfix'>\n\n<style type=\"text\/css\" data-created_by=\"avia_inline_auto\" id=\"style-css-av-ka4au2tm-72a339adee7c3c7ea567a3bd87cbb631\">\n#top .av-special-heading.av-ka4au2tm-72a339adee7c3c7ea567a3bd87cbb631{\npadding-bottom:10px;\ncolor:#ffffff;\nfont-size:50px;\n}\nbody .av-special-heading.av-ka4au2tm-72a339adee7c3c7ea567a3bd87cbb631 .av-special-heading-tag .heading-char{\nfont-size:25px;\n}\n#top #wrap_all .av-special-heading.av-ka4au2tm-72a339adee7c3c7ea567a3bd87cbb631 .av-special-heading-tag{\nfont-size:50px;\n}\n.av-special-heading.av-ka4au2tm-72a339adee7c3c7ea567a3bd87cbb631 .special-heading-inner-border{\nborder-color:#ffffff;\n}\n.av-special-heading.av-ka4au2tm-72a339adee7c3c7ea567a3bd87cbb631 .av-subheading{\nfont-size:15px;\n}\n\n@media only screen and (min-width: 480px) and (max-width: 767px){ \n#top #wrap_all .av-special-heading.av-ka4au2tm-72a339adee7c3c7ea567a3bd87cbb631 .av-special-heading-tag{\nfont-size:0.8em;\n}\n}\n\n@media only screen and (max-width: 479px){ \n#top #wrap_all .av-special-heading.av-ka4au2tm-72a339adee7c3c7ea567a3bd87cbb631 .av-special-heading-tag{\nfont-size:0.8em;\n}\n}\n<\/style>\n<div  class='av-special-heading av-ka4au2tm-72a339adee7c3c7ea567a3bd87cbb631 av-special-heading-h1 custom-color-heading blockquote modern-quote modern-centered  avia-builder-el-1  avia-builder-el-no-sibling  av-inherit-size'><h1 class='av-special-heading-tag '  itemprop=\"headline\"  >Referenzen<\/h1><div class=\"special-heading-border\"><div class=\"special-heading-inner-border\"><\/div><\/div><\/div>\n\n<\/div><\/div><\/main><!-- close content main element --><\/div><\/div><\/div><div id='av_section_2'  class='avia-section av-94qyx-7f89490e5e1cbd03b57ab941069f6126 main_color avia-section-default avia-no-border-styling  avia-builder-el-2  el_after_av_section  avia-builder-el-last  avia-bg-style-scroll container_wrap fullsize'  ><div class='container av-section-cont-open' ><div class='template-page content  av-content-full alpha units'><div class='post-entry post-entry-type-page post-entry-121'><div class='entry-content-wrapper clearfix'>\n\n<style type=\"text\/css\" data-created_by=\"avia_inline_auto\" id=\"style-css-av-as7eh-4112ad721172cfbc539b77dd9ae4b869\">\n#top .av-special-heading.av-as7eh-4112ad721172cfbc539b77dd9ae4b869{\npadding-bottom:10px;\n}\nbody .av-special-heading.av-as7eh-4112ad721172cfbc539b77dd9ae4b869 .av-special-heading-tag .heading-char{\nfont-size:25px;\n}\n.av-special-heading.av-as7eh-4112ad721172cfbc539b77dd9ae4b869 .av-subheading{\nfont-size:15px;\n}\n<\/style>\n<div  class='av-special-heading av-as7eh-4112ad721172cfbc539b77dd9ae4b869 av-special-heading-h2 blockquote modern-quote modern-centered  avia-builder-el-3  el_before_av_hr  avia-builder-el-first '><h2 class='av-special-heading-tag '  itemprop=\"headline\"  >Einige ausgew\u00e4hlte Referenzen von Rechtsanwalt und Fachanwalt f\u00fcr Steuerrecht Karlsruhe <span class='special_amp'>&amp;<\/span> Ettlingen<\/h2><div class=\"special-heading-border\"><div class=\"special-heading-inner-border\"><\/div><\/div><\/div>\n\n<style type=\"text\/css\" data-created_by=\"avia_inline_auto\" id=\"style-css-av-k8e4jr89-fbdb95677888c7a3d5342c1037bc3a63\">\n#top .hr.av-k8e4jr89-fbdb95677888c7a3d5342c1037bc3a63{\nmargin-top:10px;\nmargin-bottom:10px;\n}\n.hr.av-k8e4jr89-fbdb95677888c7a3d5342c1037bc3a63 .hr-inner{\nwidth:50px;\nmax-width:45%;\n}\n<\/style>\n<div  class='hr av-k8e4jr89-fbdb95677888c7a3d5342c1037bc3a63 hr-custom  avia-builder-el-4  el_after_av_heading  el_before_av_one_half  hr-center hr-icon-yes'><span class='hr-inner inner-border-av-border-thin'><span class=\"hr-inner-style\"><\/span><\/span><span class='av-seperator-icon avia-iconfont avia-font-entypo-fontello' data-av_icon='\ue8c9' data-av_iconfont='entypo-fontello' ><\/span><span class='hr-inner inner-border-av-border-thin'><span class=\"hr-inner-style\"><\/span><\/span><\/div>\n\n<style type=\"text\/css\" data-created_by=\"avia_inline_auto\" id=\"style-css-av-6cc2-3eb23653b579926b77ee5ef1599341a9\">\n.flex_column.av-6cc2-3eb23653b579926b77ee5ef1599341a9{\nborder-radius:0px 0px 0px 0px;\npadding:0px 0px 0px 0px;\n}\n<\/style>\n<div  class='flex_column av-6cc2-3eb23653b579926b77ee5ef1599341a9 av_one_half  avia-builder-el-5  el_after_av_hr  el_before_av_one_half  first flex_column_div av-zero-column-padding  '     ><section  class='av_textblock_section av-2pnc-e13b734b85e5327facac80d299875f61 '   itemscope=\"itemscope\" itemtype=\"https:\/\/schema.org\/CreativeWork\" ><div class='avia_textblock'  itemprop=\"text\" ><ul>\n<li style=\"text-align: left;\">steuerstrafrechtliche Verteidigung des Inhabers eines Maschinebauunternehmens aus dem Stuttgarter Raum wegen Steuerhinterziehungsvorw\u00fcrfen,<\/li>\n<li style=\"text-align: left;\">steuerstrafrechtliche Verteidigung des Architekten einer Architektengesellschaft aus dem Mannheimer-Heidelberger Raum bei dem Vorwurf der Steuerhinterziehung<\/li>\n<li style=\"text-align: left;\">finanzgerichtliche Vertretungen mehrerer mittelst\u00e4ndischer Unternehmen aus Karlsruhe und Pforzheim im Rahmen umfangreicher Betriebspr\u00fcfungen und Umsatzsteuer-Sonderpr\u00fcfungen vor den Finanzgerichten und dem BFH (Revisionsverfahren)<\/li>\n<li style=\"text-align: left;\">steuerstrafrechtliche Verteidigungen mehrerer K\u00fcnstler aus dem Baden-Badener Raum wegen Steuerhinterziehungsvorw\u00fcrfen<\/li>\n<li style=\"text-align: left;\">steuerstrafrechtliche Verteidigungen mehrerer Privatpersonen (deutsche Staatsb\u00fcrger) aus der Schweiz in Deutschland wegen Steuerhinterziehungsvorw\u00fcrfen<\/li>\n<\/ul>\n<\/div><\/section><\/div>\n<style type=\"text\/css\" data-created_by=\"avia_inline_auto\" id=\"style-css-av-3fzy-a260406e07ab3d983519404aa6c40175\">\n.flex_column.av-3fzy-a260406e07ab3d983519404aa6c40175{\nborder-radius:0px 0px 0px 0px;\npadding:0px 0px 0px 0px;\n}\n<\/style>\n<div  class='flex_column av-3fzy-a260406e07ab3d983519404aa6c40175 av_one_half  avia-builder-el-7  el_after_av_one_half  avia-builder-el-last  flex_column_div av-zero-column-padding  '     ><section  class='av_textblock_section av-2pnc-1-21420e4f5a4fb0fcacaaaacf08d1105e '   itemscope=\"itemscope\" itemtype=\"https:\/\/schema.org\/CreativeWork\" ><div class='avia_textblock'  itemprop=\"text\" ><ul>\n<li style=\"text-align: left;\">steuerstrafrechtliche Verteidigung einer ber\u00fchmten K\u00fcnstlerin aus dem hessischen Raum beim Vorwurf der Steuerhinterziehung<\/li>\n<li style=\"text-align: left;\">wirtschaftsstrafrechtliche Verteidigung eines mittelst\u00e4ndischen Unternehmens (Hersteller von Pr\u00e4zisionstechnik) aus Pforzheim wegen strafrechtlicher Vorw\u00fcrfe der Verst\u00f6\u00dfe gegen das Au\u00dfenwirtschaftsrecht<\/li>\n<li style=\"text-align: left;\">Einrichtung und Umsetzung eines Tax-Compliance-Management-Systems (CMS) in einem mittelst\u00e4ndischen Unternehmen aus dem Freiburger Raum und st\u00e4ndige bundesweite finanzgerichtliche Vertretungen von Unternehmern in Umsatzsteuersachen, \u00a0vor allem wegen Versagung des Vorsteuerabzugs bei den Finanzgerichten und dem BFH<br \/>\n(Revisionen)<\/li>\n<\/ul>\n<p style=\"text-align: left;\">F\u00fcr ein pers\u00f6nliches Gespr\u00e4ch oder bei akuten Fragestellungen k\u00f6nnen Sie jederzeit mit unser\u00a0<span tabindex=\"0\" role=\"button\" data-url=\"https:\/\/www.weberlaw.de\/de\/kontakt-weber-i-recht-steuern-kanzlei-ettlingen-karlsruhe\/\" aria-label=\"Kontaktformular, dadurch gelangen Sie zu www.weberlaw.de\"><strong><a href=\"https:\/\/www.weberlaw.de\/de\/kontakt-weber-i-recht-steuern-kanzlei-ettlingen-karlsruhe\/\">Kontakt<\/a><\/strong>\u00a0 oder per E-Mail:\u00a0<a href=\"mailto:kw@weberlaw.de\"><strong>kw@weberlaw.de<\/strong><\/a>\u00a0aufnehmen<\/span>.<\/p>\n<\/div><\/section><\/div>\n","protected":false},"excerpt":{"rendered":"","protected":false},"author":2,"featured_media":70,"parent":0,"menu_order":0,"comment_status":"closed","ping_status":"closed","template":"","meta":{"footnotes":""},"class_list":["post-121","page","type-page","status-publish","has-post-thumbnail","hentry"],"yoast_head":"<!-- This site is optimized with the Yoast SEO plugin v27.3 - https:\/\/yoast.com\/product\/yoast-seo-wordpress\/ -->\n<title>Referenzen Weber I Recht &amp; Steuern Kanzlei<\/title>\n<meta name=\"description\" content=\"Referenzen Weber I Recht &amp; Steuern Kanzlei Rechtsanwalt Fachanwalt f\u00fcr Steuerrecht Ettlingen Karlsruhe Steuerrecht Steuerberatung\" \/>\n<meta name=\"robots\" content=\"index, follow, max-snippet:-1, max-image-preview:large, max-video-preview:-1\" \/>\n<link rel=\"canonical\" href=\"https:\/\/www.weberlaw.de\/de\/referenzen-weber-i-recht-steuern\/\" \/>\n<meta property=\"og:locale\" content=\"de_DE\" \/>\n<meta property=\"og:type\" content=\"article\" \/>\n<meta property=\"og:title\" content=\"Referenzen Weber I Recht &amp; Steuern Kanzlei\" \/>\n<meta property=\"og:description\" content=\"Referenzen Weber I Recht &amp; Steuern Kanzlei Rechtsanwalt Fachanwalt f\u00fcr Steuerrecht Ettlingen Karlsruhe Steuerrecht Steuerberatung\" \/>\n<meta property=\"og:url\" content=\"https:\/\/www.weberlaw.de\/de\/referenzen-weber-i-recht-steuern\/\" \/>\n<meta property=\"og:site_name\" content=\"Weber | Recht &amp; Steuern\" \/>\n<meta property=\"article:modified_time\" content=\"2026-03-30T21:28:51+00:00\" \/>\n<meta property=\"og:image\" content=\"https:\/\/www.weberlaw.de\/wp-content\/uploads\/2020\/03\/panthermedia_B64034545_800x605.jpg\" \/>\n\t<meta property=\"og:image:width\" content=\"800\" \/>\n\t<meta property=\"og:image:height\" content=\"605\" \/>\n\t<meta property=\"og:image:type\" content=\"image\/jpeg\" \/>\n<meta name=\"twitter:card\" content=\"summary_large_image\" \/>\n<meta name=\"twitter:label1\" content=\"Gesch\u00e4tzte Lesezeit\" \/>\n\t<meta name=\"twitter:data1\" content=\"1\u00a0Minute\" \/>\n<script type=\"application\/ld+json\" class=\"yoast-schema-graph\">{\"@context\":\"https:\\\/\\\/schema.org\",\"@graph\":[{\"@type\":\"WebPage\",\"@id\":\"https:\\\/\\\/www.weberlaw.de\\\/de\\\/referenzen-weber-i-recht-steuern\\\/\",\"url\":\"https:\\\/\\\/www.weberlaw.de\\\/de\\\/referenzen-weber-i-recht-steuern\\\/\",\"name\":\"Referenzen Weber I Recht & Steuern Kanzlei\",\"isPartOf\":{\"@id\":\"https:\\\/\\\/www.weberlaw.de\\\/de\\\/#website\"},\"primaryImageOfPage\":{\"@id\":\"https:\\\/\\\/www.weberlaw.de\\\/de\\\/referenzen-weber-i-recht-steuern\\\/#primaryimage\"},\"image\":{\"@id\":\"https:\\\/\\\/www.weberlaw.de\\\/de\\\/referenzen-weber-i-recht-steuern\\\/#primaryimage\"},\"thumbnailUrl\":\"https:\\\/\\\/www.weberlaw.de\\\/wp-content\\\/uploads\\\/2020\\\/03\\\/panthermedia_B64034545_800x605.jpg\",\"datePublished\":\"2026-02-12T08:05:10+00:00\",\"dateModified\":\"2026-03-30T21:28:51+00:00\",\"description\":\"Referenzen Weber I Recht & Steuern Kanzlei Rechtsanwalt Fachanwalt f\u00fcr Steuerrecht Ettlingen Karlsruhe Steuerrecht Steuerberatung\",\"breadcrumb\":{\"@id\":\"https:\\\/\\\/www.weberlaw.de\\\/de\\\/referenzen-weber-i-recht-steuern\\\/#breadcrumb\"},\"inLanguage\":\"de\",\"potentialAction\":[{\"@type\":\"ReadAction\",\"target\":[\"https:\\\/\\\/www.weberlaw.de\\\/de\\\/referenzen-weber-i-recht-steuern\\\/\"]}]},{\"@type\":\"ImageObject\",\"inLanguage\":\"de\",\"@id\":\"https:\\\/\\\/www.weberlaw.de\\\/de\\\/referenzen-weber-i-recht-steuern\\\/#primaryimage\",\"url\":\"https:\\\/\\\/www.weberlaw.de\\\/wp-content\\\/uploads\\\/2020\\\/03\\\/panthermedia_B64034545_800x605.jpg\",\"contentUrl\":\"https:\\\/\\\/www.weberlaw.de\\\/wp-content\\\/uploads\\\/2020\\\/03\\\/panthermedia_B64034545_800x605.jpg\",\"width\":800,\"height\":605,\"caption\":\"Referenzen\"},{\"@type\":\"BreadcrumbList\",\"@id\":\"https:\\\/\\\/www.weberlaw.de\\\/de\\\/referenzen-weber-i-recht-steuern\\\/#breadcrumb\",\"itemListElement\":[{\"@type\":\"ListItem\",\"position\":1,\"name\":\"Kanzlei f\u00fcr Recht &amp; Steuern\",\"item\":\"https:\\\/\\\/www.weberlaw.de\\\/de\\\/fachanwalt-fuer-steuerrecht-in-karlsruhe-ettlingen-kanzlei-weber\\\/\"},{\"@type\":\"ListItem\",\"position\":2,\"name\":\"Referenzen\"}]},{\"@type\":\"WebSite\",\"@id\":\"https:\\\/\\\/www.weberlaw.de\\\/de\\\/#website\",\"url\":\"https:\\\/\\\/www.weberlaw.de\\\/de\\\/\",\"name\":\"Weber | Recht &amp; Steuern\",\"description\":\"Kanzlei f\u00fcr Wirtschafts- und Steuerrecht\",\"publisher\":{\"@id\":\"https:\\\/\\\/www.weberlaw.de\\\/de\\\/#organization\"},\"potentialAction\":[{\"@type\":\"SearchAction\",\"target\":{\"@type\":\"EntryPoint\",\"urlTemplate\":\"https:\\\/\\\/www.weberlaw.de\\\/de\\\/?s={search_term_string}\"},\"query-input\":{\"@type\":\"PropertyValueSpecification\",\"valueRequired\":true,\"valueName\":\"search_term_string\"}}],\"inLanguage\":\"de\"},{\"@type\":\"Organization\",\"@id\":\"https:\\\/\\\/www.weberlaw.de\\\/de\\\/#organization\",\"name\":\"Weber Recht & Steuern Kanzlei\",\"url\":\"https:\\\/\\\/www.weberlaw.de\\\/de\\\/\",\"logo\":{\"@type\":\"ImageObject\",\"inLanguage\":\"de\",\"@id\":\"https:\\\/\\\/www.weberlaw.de\\\/de\\\/#\\\/schema\\\/logo\\\/image\\\/\",\"url\":\"https:\\\/\\\/www.weberlaw.de\\\/wp-content\\\/uploads\\\/2020\\\/05\\\/weber-recht-steuern-karlsruhe-baden-baden-3.png\",\"contentUrl\":\"https:\\\/\\\/www.weberlaw.de\\\/wp-content\\\/uploads\\\/2020\\\/05\\\/weber-recht-steuern-karlsruhe-baden-baden-3.png\",\"width\":890,\"height\":200,\"caption\":\"Weber Recht & Steuern Kanzlei\"},\"image\":{\"@id\":\"https:\\\/\\\/www.weberlaw.de\\\/de\\\/#\\\/schema\\\/logo\\\/image\\\/\"},\"sameAs\":[\"https:\\\/\\\/de.linkedin.com\\\/in\\\/konstantinweber\"]}]}<\/script>\n<!-- \/ Yoast SEO plugin. -->","yoast_head_json":{"title":"Referenzen Weber I Recht & Steuern Kanzlei","description":"Referenzen Weber I Recht & Steuern Kanzlei Rechtsanwalt Fachanwalt f\u00fcr Steuerrecht Ettlingen Karlsruhe Steuerrecht Steuerberatung","robots":{"index":"index","follow":"follow","max-snippet":"max-snippet:-1","max-image-preview":"max-image-preview:large","max-video-preview":"max-video-preview:-1"},"canonical":"https:\/\/www.weberlaw.de\/de\/referenzen-weber-i-recht-steuern\/","og_locale":"de_DE","og_type":"article","og_title":"Referenzen Weber I Recht & Steuern Kanzlei","og_description":"Referenzen Weber I Recht & Steuern Kanzlei Rechtsanwalt Fachanwalt f\u00fcr Steuerrecht Ettlingen Karlsruhe Steuerrecht Steuerberatung","og_url":"https:\/\/www.weberlaw.de\/de\/referenzen-weber-i-recht-steuern\/","og_site_name":"Weber | Recht &amp; Steuern","article_modified_time":"2026-03-30T21:28:51+00:00","og_image":[{"width":800,"height":605,"url":"https:\/\/www.weberlaw.de\/wp-content\/uploads\/2020\/03\/panthermedia_B64034545_800x605.jpg","type":"image\/jpeg"}],"twitter_card":"summary_large_image","twitter_misc":{"Gesch\u00e4tzte Lesezeit":"1\u00a0Minute"},"schema":{"@context":"https:\/\/schema.org","@graph":[{"@type":"WebPage","@id":"https:\/\/www.weberlaw.de\/de\/referenzen-weber-i-recht-steuern\/","url":"https:\/\/www.weberlaw.de\/de\/referenzen-weber-i-recht-steuern\/","name":"Referenzen Weber I Recht & Steuern Kanzlei","isPartOf":{"@id":"https:\/\/www.weberlaw.de\/de\/#website"},"primaryImageOfPage":{"@id":"https:\/\/www.weberlaw.de\/de\/referenzen-weber-i-recht-steuern\/#primaryimage"},"image":{"@id":"https:\/\/www.weberlaw.de\/de\/referenzen-weber-i-recht-steuern\/#primaryimage"},"thumbnailUrl":"https:\/\/www.weberlaw.de\/wp-content\/uploads\/2020\/03\/panthermedia_B64034545_800x605.jpg","datePublished":"2026-02-12T08:05:10+00:00","dateModified":"2026-03-30T21:28:51+00:00","description":"Referenzen Weber I Recht & Steuern Kanzlei Rechtsanwalt Fachanwalt f\u00fcr Steuerrecht Ettlingen Karlsruhe Steuerrecht Steuerberatung","breadcrumb":{"@id":"https:\/\/www.weberlaw.de\/de\/referenzen-weber-i-recht-steuern\/#breadcrumb"},"inLanguage":"de","potentialAction":[{"@type":"ReadAction","target":["https:\/\/www.weberlaw.de\/de\/referenzen-weber-i-recht-steuern\/"]}]},{"@type":"ImageObject","inLanguage":"de","@id":"https:\/\/www.weberlaw.de\/de\/referenzen-weber-i-recht-steuern\/#primaryimage","url":"https:\/\/www.weberlaw.de\/wp-content\/uploads\/2020\/03\/panthermedia_B64034545_800x605.jpg","contentUrl":"https:\/\/www.weberlaw.de\/wp-content\/uploads\/2020\/03\/panthermedia_B64034545_800x605.jpg","width":800,"height":605,"caption":"Referenzen"},{"@type":"BreadcrumbList","@id":"https:\/\/www.weberlaw.de\/de\/referenzen-weber-i-recht-steuern\/#breadcrumb","itemListElement":[{"@type":"ListItem","position":1,"name":"Kanzlei f\u00fcr Recht &amp; Steuern","item":"https:\/\/www.weberlaw.de\/de\/fachanwalt-fuer-steuerrecht-in-karlsruhe-ettlingen-kanzlei-weber\/"},{"@type":"ListItem","position":2,"name":"Referenzen"}]},{"@type":"WebSite","@id":"https:\/\/www.weberlaw.de\/de\/#website","url":"https:\/\/www.weberlaw.de\/de\/","name":"Weber | Recht &amp; Steuern","description":"Kanzlei f\u00fcr Wirtschafts- und Steuerrecht","publisher":{"@id":"https:\/\/www.weberlaw.de\/de\/#organization"},"potentialAction":[{"@type":"SearchAction","target":{"@type":"EntryPoint","urlTemplate":"https:\/\/www.weberlaw.de\/de\/?s={search_term_string}"},"query-input":{"@type":"PropertyValueSpecification","valueRequired":true,"valueName":"search_term_string"}}],"inLanguage":"de"},{"@type":"Organization","@id":"https:\/\/www.weberlaw.de\/de\/#organization","name":"Weber Recht & Steuern Kanzlei","url":"https:\/\/www.weberlaw.de\/de\/","logo":{"@type":"ImageObject","inLanguage":"de","@id":"https:\/\/www.weberlaw.de\/de\/#\/schema\/logo\/image\/","url":"https:\/\/www.weberlaw.de\/wp-content\/uploads\/2020\/05\/weber-recht-steuern-karlsruhe-baden-baden-3.png","contentUrl":"https:\/\/www.weberlaw.de\/wp-content\/uploads\/2020\/05\/weber-recht-steuern-karlsruhe-baden-baden-3.png","width":890,"height":200,"caption":"Weber Recht & Steuern Kanzlei"},"image":{"@id":"https:\/\/www.weberlaw.de\/de\/#\/schema\/logo\/image\/"},"sameAs":["https:\/\/de.linkedin.com\/in\/konstantinweber"]}]}},"_links":{"self":[{"href":"https:\/\/www.weberlaw.de\/de\/wp-json\/wp\/v2\/pages\/121","targetHints":{"allow":["GET"]}}],"collection":[{"href":"https:\/\/www.weberlaw.de\/de\/wp-json\/wp\/v2\/pages"}],"about":[{"href":"https:\/\/www.weberlaw.de\/de\/wp-json\/wp\/v2\/types\/page"}],"author":[{"embeddable":true,"href":"https:\/\/www.weberlaw.de\/de\/wp-json\/wp\/v2\/users\/2"}],"replies":[{"embeddable":true,"href":"https:\/\/www.weberlaw.de\/de\/wp-json\/wp\/v2\/comments?post=121"}],"version-history":[{"count":19,"href":"https:\/\/www.weberlaw.de\/de\/wp-json\/wp\/v2\/pages\/121\/revisions"}],"predecessor-version":[{"id":2777,"href":"https:\/\/www.weberlaw.de\/de\/wp-json\/wp\/v2\/pages\/121\/revisions\/2777"}],"wp:featuredmedia":[{"embeddable":true,"href":"https:\/\/www.weberlaw.de\/de\/wp-json\/wp\/v2\/media\/70"}],"wp:attachment":[{"href":"https:\/\/www.weberlaw.de\/de\/wp-json\/wp\/v2\/media?parent=121"}],"curies":[{"name":"wp","href":"https:\/\/api.w.org\/{rel}","templated":true}]}}