{"id":176,"date":"2026-03-06T16:29:53","date_gmt":"2026-03-06T16:29:53","guid":{"rendered":"http:\/\/beta.weberlaw.de\/?page_id=176"},"modified":"2026-03-30T21:39:44","modified_gmt":"2026-03-30T21:39:44","slug":"vortraege-weber-i-recht-steuern","status":"publish","type":"page","link":"https:\/\/www.weberlaw.de\/de\/vortraege-weber-i-recht-steuern\/","title":{"rendered":"Vortr\u00e4ge"},"content":{"rendered":"\n<style type=\"text\/css\" data-created_by=\"avia_inline_auto\" id=\"style-css-av-7mqw-15016c0038194b7c72ae51322e49fa4b\">\n.avia-section.av-7mqw-15016c0038194b7c72ae51322e49fa4b{\nbackground-repeat:no-repeat;\nbackground-image:url(https:\/\/www.weberlaw.de\/wp-content\/uploads\/2020\/04\/team.jpg);\nbackground-position:50% 50%;\nbackground-attachment:scroll;\n}\n.avia-section.av-7mqw-15016c0038194b7c72ae51322e49fa4b .av-section-color-overlay{\nopacity:0.1;\nbackground-color:#000000;\n}\n<\/style>\n<div id='av_section_1'  class='avia-section av-7mqw-15016c0038194b7c72ae51322e49fa4b main_color avia-section-default avia-no-border-styling  avia-builder-el-0  el_before_av_section  avia-builder-el-first  heading-roboto avia-full-stretch avia-bg-style-scroll av-section-color-overlay-active av-minimum-height av-minimum-height-50 av-height-50  container_wrap fullsize'  data-section-bg-repeat='stretch' data-av_minimum_height_pc='50' data-av_min_height_opt='50'><div class=\"av-section-color-overlay-wrap\"><div class=\"av-section-color-overlay\"><\/div><div class='container av-section-cont-open' ><main  role=\"main\" itemprop=\"mainContentOfPage\"  class='template-page content  av-content-full alpha units'><div class='post-entry post-entry-type-page post-entry-176'><div class='entry-content-wrapper clearfix'>\n\n<style type=\"text\/css\" data-created_by=\"avia_inline_auto\" id=\"style-css-av-ka4ax441-f9a8b4117d66023847761e55cde10d82\">\n#top .av-special-heading.av-ka4ax441-f9a8b4117d66023847761e55cde10d82{\npadding-bottom:10px;\ncolor:#ffffff;\nfont-size:50px;\n}\nbody .av-special-heading.av-ka4ax441-f9a8b4117d66023847761e55cde10d82 .av-special-heading-tag .heading-char{\nfont-size:25px;\n}\n#top #wrap_all .av-special-heading.av-ka4ax441-f9a8b4117d66023847761e55cde10d82 .av-special-heading-tag{\nfont-size:50px;\n}\n.av-special-heading.av-ka4ax441-f9a8b4117d66023847761e55cde10d82 .special-heading-inner-border{\nborder-color:#ffffff;\n}\n.av-special-heading.av-ka4ax441-f9a8b4117d66023847761e55cde10d82 .av-subheading{\nfont-size:15px;\n}\n\n@media only screen and (min-width: 480px) and (max-width: 767px){ \n#top #wrap_all .av-special-heading.av-ka4ax441-f9a8b4117d66023847761e55cde10d82 .av-special-heading-tag{\nfont-size:0.8em;\n}\n}\n\n@media only screen and (max-width: 479px){ \n#top #wrap_all .av-special-heading.av-ka4ax441-f9a8b4117d66023847761e55cde10d82 .av-special-heading-tag{\nfont-size:0.8em;\n}\n}\n<\/style>\n<div  class='av-special-heading av-ka4ax441-f9a8b4117d66023847761e55cde10d82 av-special-heading-h1 custom-color-heading blockquote modern-quote modern-centered  avia-builder-el-1  avia-builder-el-no-sibling  av-inherit-size'><h1 class='av-special-heading-tag '  itemprop=\"headline\"  >Vortr\u00e4ge<\/h1><div class=\"special-heading-border\"><div class=\"special-heading-inner-border\"><\/div><\/div><\/div>\n\n<\/div><\/div><\/main><!-- close content main element --><\/div><\/div><\/div><div id='av_section_2'  class='avia-section av-94qyx-7f89490e5e1cbd03b57ab941069f6126 main_color avia-section-default avia-no-border-styling  avia-builder-el-2  el_after_av_section  avia-builder-el-last  avia-bg-style-scroll container_wrap fullsize'  ><div class='container av-section-cont-open' ><div class='template-page content  av-content-full alpha units'><div class='post-entry post-entry-type-page post-entry-176'><div class='entry-content-wrapper clearfix'>\n\n<style type=\"text\/css\" data-created_by=\"avia_inline_auto\" id=\"style-css-av-kbuwzvcc-8d0c6de25c8e9cfafd89acffc66cdbf6\">\n#top .av-special-heading.av-kbuwzvcc-8d0c6de25c8e9cfafd89acffc66cdbf6{\npadding-bottom:10px;\n}\nbody .av-special-heading.av-kbuwzvcc-8d0c6de25c8e9cfafd89acffc66cdbf6 .av-special-heading-tag .heading-char{\nfont-size:25px;\n}\n.av-special-heading.av-kbuwzvcc-8d0c6de25c8e9cfafd89acffc66cdbf6 .av-subheading{\nfont-size:15px;\n}\n<\/style>\n<div  class='av-special-heading av-kbuwzvcc-8d0c6de25c8e9cfafd89acffc66cdbf6 av-special-heading-h2 blockquote modern-quote modern-centered  avia-builder-el-3  el_before_av_hr  avia-builder-el-first '><h2 class='av-special-heading-tag '  itemprop=\"headline\"  >Vortr\u00e4ge von Rechtsanwalt und Fachanwalt f\u00fcr Steuerrecht Konstantin Weber Karlsruhe <span class='special_amp'>&amp;<\/span> Ettlingen<\/h2><div class=\"special-heading-border\"><div class=\"special-heading-inner-border\"><\/div><\/div><\/div>\n\n<style type=\"text\/css\" data-created_by=\"avia_inline_auto\" id=\"style-css-av-k8e4jr89-fbdb95677888c7a3d5342c1037bc3a63\">\n#top .hr.av-k8e4jr89-fbdb95677888c7a3d5342c1037bc3a63{\nmargin-top:10px;\nmargin-bottom:10px;\n}\n.hr.av-k8e4jr89-fbdb95677888c7a3d5342c1037bc3a63 .hr-inner{\nwidth:50px;\nmax-width:45%;\n}\n<\/style>\n<div  class='hr av-k8e4jr89-fbdb95677888c7a3d5342c1037bc3a63 hr-custom  avia-builder-el-4  el_after_av_heading  el_before_av_heading  hr-center hr-icon-yes'><span class='hr-inner inner-border-av-border-thin'><span class=\"hr-inner-style\"><\/span><\/span><span class='av-seperator-icon avia-iconfont avia-font-entypo-fontello' data-av_icon='\ue8c9' data-av_iconfont='entypo-fontello' ><\/span><span class='hr-inner inner-border-av-border-thin'><span class=\"hr-inner-style\"><\/span><\/span><\/div>\n\n<style type=\"text\/css\" data-created_by=\"avia_inline_auto\" id=\"style-css-av-kbux011u-81150e904b6b52206be9055432cada42\">\n#top .av-special-heading.av-kbux011u-81150e904b6b52206be9055432cada42{\npadding-bottom:10px;\n}\nbody .av-special-heading.av-kbux011u-81150e904b6b52206be9055432cada42 .av-special-heading-tag .heading-char{\nfont-size:25px;\n}\n.av-special-heading.av-kbux011u-81150e904b6b52206be9055432cada42 .av-subheading{\nfont-size:15px;\n}\n<\/style>\n<div  class='av-special-heading av-kbux011u-81150e904b6b52206be9055432cada42 av-special-heading-h3 blockquote modern-quote modern-centered  avia-builder-el-5  el_after_av_hr  avia-builder-el-last '><h3 class='av-special-heading-tag '  itemprop=\"headline\"  >Seminare von Rechtsanwalt und Fachanwalt f\u00fcr Steuerrecht Konstantin Weber Karlsruhe <span class='special_amp'>&amp;<\/span> Ettlingen im Steuerstrafrecht, Steuerstreitrecht, Deutsch-Schweizer Steuerrecht und in grenz\u00fcberschreitender Steuerberatung:<\/h3><div class=\"special-heading-border\"><div class=\"special-heading-inner-border\"><\/div><\/div><\/div>\n\n","protected":false},"excerpt":{"rendered":"","protected":false},"author":2,"featured_media":551,"parent":0,"menu_order":0,"comment_status":"closed","ping_status":"closed","template":"","meta":{"footnotes":""},"class_list":["post-176","page","type-page","status-publish","has-post-thumbnail","hentry"],"yoast_head":"<!-- This site is optimized with the Yoast SEO plugin v27.3 - https:\/\/yoast.com\/product\/yoast-seo-wordpress\/ -->\n<title>Vortr\u00e4ge Weber I Recht &amp; Steuern<\/title>\n<meta name=\"description\" content=\"Vortr\u00e4ge Weber I Recht &amp; Steuern Kanzlei Rechtsanwalt Fachanwalt f\u00fcr Steuerrecht Ettlingen Karlsruhe Steuerrecht Steuerberatung\" \/>\n<meta name=\"robots\" content=\"index, follow, max-snippet:-1, max-image-preview:large, max-video-preview:-1\" \/>\n<link rel=\"canonical\" href=\"https:\/\/www.weberlaw.de\/de\/vortraege-weber-i-recht-steuern\/\" \/>\n<meta property=\"og:locale\" content=\"de_DE\" \/>\n<meta property=\"og:type\" content=\"article\" \/>\n<meta property=\"og:title\" content=\"Vortr\u00e4ge Weber I Recht &amp; Steuern\" \/>\n<meta property=\"og:description\" content=\"Vortr\u00e4ge Weber I Recht &amp; Steuern Kanzlei Rechtsanwalt Fachanwalt f\u00fcr Steuerrecht Ettlingen Karlsruhe Steuerrecht Steuerberatung\" \/>\n<meta property=\"og:url\" content=\"https:\/\/www.weberlaw.de\/de\/vortraege-weber-i-recht-steuern\/\" \/>\n<meta property=\"og:site_name\" content=\"Weber | Recht &amp; Steuern\" \/>\n<meta property=\"article:modified_time\" content=\"2026-03-30T21:39:44+00:00\" \/>\n<meta property=\"og:image\" content=\"https:\/\/www.weberlaw.de\/wp-content\/uploads\/2020\/05\/publikationen-weberlaw.jpg\" \/>\n\t<meta property=\"og:image:width\" content=\"800\" \/>\n\t<meta property=\"og:image:height\" content=\"336\" \/>\n\t<meta property=\"og:image:type\" content=\"image\/jpeg\" \/>\n<meta name=\"twitter:card\" content=\"summary_large_image\" \/>\n<meta name=\"twitter:label1\" content=\"Gesch\u00e4tzte Lesezeit\" \/>\n\t<meta name=\"twitter:data1\" content=\"1\u00a0Minute\" \/>\n<script type=\"application\/ld+json\" class=\"yoast-schema-graph\">{\"@context\":\"https:\\\/\\\/schema.org\",\"@graph\":[{\"@type\":\"WebPage\",\"@id\":\"https:\\\/\\\/www.weberlaw.de\\\/de\\\/vortraege-weber-i-recht-steuern\\\/\",\"url\":\"https:\\\/\\\/www.weberlaw.de\\\/de\\\/vortraege-weber-i-recht-steuern\\\/\",\"name\":\"Vortr\u00e4ge Weber I Recht & Steuern\",\"isPartOf\":{\"@id\":\"https:\\\/\\\/www.weberlaw.de\\\/de\\\/#website\"},\"primaryImageOfPage\":{\"@id\":\"https:\\\/\\\/www.weberlaw.de\\\/de\\\/vortraege-weber-i-recht-steuern\\\/#primaryimage\"},\"image\":{\"@id\":\"https:\\\/\\\/www.weberlaw.de\\\/de\\\/vortraege-weber-i-recht-steuern\\\/#primaryimage\"},\"thumbnailUrl\":\"https:\\\/\\\/www.weberlaw.de\\\/wp-content\\\/uploads\\\/2020\\\/05\\\/publikationen-weberlaw.jpg\",\"datePublished\":\"2026-03-06T16:29:53+00:00\",\"dateModified\":\"2026-03-30T21:39:44+00:00\",\"description\":\"Vortr\u00e4ge Weber I Recht & Steuern Kanzlei Rechtsanwalt Fachanwalt f\u00fcr Steuerrecht Ettlingen Karlsruhe Steuerrecht Steuerberatung\",\"breadcrumb\":{\"@id\":\"https:\\\/\\\/www.weberlaw.de\\\/de\\\/vortraege-weber-i-recht-steuern\\\/#breadcrumb\"},\"inLanguage\":\"de\",\"potentialAction\":[{\"@type\":\"ReadAction\",\"target\":[\"https:\\\/\\\/www.weberlaw.de\\\/de\\\/vortraege-weber-i-recht-steuern\\\/\"]}]},{\"@type\":\"ImageObject\",\"inLanguage\":\"de\",\"@id\":\"https:\\\/\\\/www.weberlaw.de\\\/de\\\/vortraege-weber-i-recht-steuern\\\/#primaryimage\",\"url\":\"https:\\\/\\\/www.weberlaw.de\\\/wp-content\\\/uploads\\\/2020\\\/05\\\/publikationen-weberlaw.jpg\",\"contentUrl\":\"https:\\\/\\\/www.weberlaw.de\\\/wp-content\\\/uploads\\\/2020\\\/05\\\/publikationen-weberlaw.jpg\",\"width\":800,\"height\":336,\"caption\":\"Publications\"},{\"@type\":\"BreadcrumbList\",\"@id\":\"https:\\\/\\\/www.weberlaw.de\\\/de\\\/vortraege-weber-i-recht-steuern\\\/#breadcrumb\",\"itemListElement\":[{\"@type\":\"ListItem\",\"position\":1,\"name\":\"Kanzlei f\u00fcr Recht &amp; Steuern\",\"item\":\"https:\\\/\\\/www.weberlaw.de\\\/de\\\/fachanwalt-fuer-steuerrecht-in-karlsruhe-ettlingen-kanzlei-weber\\\/\"},{\"@type\":\"ListItem\",\"position\":2,\"name\":\"Vortr\u00e4ge\"}]},{\"@type\":\"WebSite\",\"@id\":\"https:\\\/\\\/www.weberlaw.de\\\/de\\\/#website\",\"url\":\"https:\\\/\\\/www.weberlaw.de\\\/de\\\/\",\"name\":\"Weber | Recht &amp; Steuern\",\"description\":\"Kanzlei f\u00fcr Wirtschafts- und Steuerrecht\",\"publisher\":{\"@id\":\"https:\\\/\\\/www.weberlaw.de\\\/de\\\/#organization\"},\"potentialAction\":[{\"@type\":\"SearchAction\",\"target\":{\"@type\":\"EntryPoint\",\"urlTemplate\":\"https:\\\/\\\/www.weberlaw.de\\\/de\\\/?s={search_term_string}\"},\"query-input\":{\"@type\":\"PropertyValueSpecification\",\"valueRequired\":true,\"valueName\":\"search_term_string\"}}],\"inLanguage\":\"de\"},{\"@type\":\"Organization\",\"@id\":\"https:\\\/\\\/www.weberlaw.de\\\/de\\\/#organization\",\"name\":\"Weber Recht & Steuern Kanzlei\",\"url\":\"https:\\\/\\\/www.weberlaw.de\\\/de\\\/\",\"logo\":{\"@type\":\"ImageObject\",\"inLanguage\":\"de\",\"@id\":\"https:\\\/\\\/www.weberlaw.de\\\/de\\\/#\\\/schema\\\/logo\\\/image\\\/\",\"url\":\"https:\\\/\\\/www.weberlaw.de\\\/wp-content\\\/uploads\\\/2020\\\/05\\\/weber-recht-steuern-karlsruhe-baden-baden-3.png\",\"contentUrl\":\"https:\\\/\\\/www.weberlaw.de\\\/wp-content\\\/uploads\\\/2020\\\/05\\\/weber-recht-steuern-karlsruhe-baden-baden-3.png\",\"width\":890,\"height\":200,\"caption\":\"Weber Recht & Steuern Kanzlei\"},\"image\":{\"@id\":\"https:\\\/\\\/www.weberlaw.de\\\/de\\\/#\\\/schema\\\/logo\\\/image\\\/\"},\"sameAs\":[\"https:\\\/\\\/de.linkedin.com\\\/in\\\/konstantinweber\"]}]}<\/script>\n<!-- \/ Yoast SEO plugin. -->","yoast_head_json":{"title":"Vortr\u00e4ge Weber I Recht & Steuern","description":"Vortr\u00e4ge Weber I Recht & Steuern Kanzlei Rechtsanwalt Fachanwalt f\u00fcr Steuerrecht Ettlingen Karlsruhe Steuerrecht Steuerberatung","robots":{"index":"index","follow":"follow","max-snippet":"max-snippet:-1","max-image-preview":"max-image-preview:large","max-video-preview":"max-video-preview:-1"},"canonical":"https:\/\/www.weberlaw.de\/de\/vortraege-weber-i-recht-steuern\/","og_locale":"de_DE","og_type":"article","og_title":"Vortr\u00e4ge Weber I Recht & Steuern","og_description":"Vortr\u00e4ge Weber I Recht & Steuern Kanzlei Rechtsanwalt Fachanwalt f\u00fcr Steuerrecht Ettlingen Karlsruhe Steuerrecht Steuerberatung","og_url":"https:\/\/www.weberlaw.de\/de\/vortraege-weber-i-recht-steuern\/","og_site_name":"Weber | Recht &amp; Steuern","article_modified_time":"2026-03-30T21:39:44+00:00","og_image":[{"width":800,"height":336,"url":"https:\/\/www.weberlaw.de\/wp-content\/uploads\/2020\/05\/publikationen-weberlaw.jpg","type":"image\/jpeg"}],"twitter_card":"summary_large_image","twitter_misc":{"Gesch\u00e4tzte Lesezeit":"1\u00a0Minute"},"schema":{"@context":"https:\/\/schema.org","@graph":[{"@type":"WebPage","@id":"https:\/\/www.weberlaw.de\/de\/vortraege-weber-i-recht-steuern\/","url":"https:\/\/www.weberlaw.de\/de\/vortraege-weber-i-recht-steuern\/","name":"Vortr\u00e4ge Weber I Recht & Steuern","isPartOf":{"@id":"https:\/\/www.weberlaw.de\/de\/#website"},"primaryImageOfPage":{"@id":"https:\/\/www.weberlaw.de\/de\/vortraege-weber-i-recht-steuern\/#primaryimage"},"image":{"@id":"https:\/\/www.weberlaw.de\/de\/vortraege-weber-i-recht-steuern\/#primaryimage"},"thumbnailUrl":"https:\/\/www.weberlaw.de\/wp-content\/uploads\/2020\/05\/publikationen-weberlaw.jpg","datePublished":"2026-03-06T16:29:53+00:00","dateModified":"2026-03-30T21:39:44+00:00","description":"Vortr\u00e4ge Weber I Recht & Steuern Kanzlei Rechtsanwalt Fachanwalt f\u00fcr Steuerrecht Ettlingen Karlsruhe Steuerrecht Steuerberatung","breadcrumb":{"@id":"https:\/\/www.weberlaw.de\/de\/vortraege-weber-i-recht-steuern\/#breadcrumb"},"inLanguage":"de","potentialAction":[{"@type":"ReadAction","target":["https:\/\/www.weberlaw.de\/de\/vortraege-weber-i-recht-steuern\/"]}]},{"@type":"ImageObject","inLanguage":"de","@id":"https:\/\/www.weberlaw.de\/de\/vortraege-weber-i-recht-steuern\/#primaryimage","url":"https:\/\/www.weberlaw.de\/wp-content\/uploads\/2020\/05\/publikationen-weberlaw.jpg","contentUrl":"https:\/\/www.weberlaw.de\/wp-content\/uploads\/2020\/05\/publikationen-weberlaw.jpg","width":800,"height":336,"caption":"Publications"},{"@type":"BreadcrumbList","@id":"https:\/\/www.weberlaw.de\/de\/vortraege-weber-i-recht-steuern\/#breadcrumb","itemListElement":[{"@type":"ListItem","position":1,"name":"Kanzlei f\u00fcr Recht &amp; Steuern","item":"https:\/\/www.weberlaw.de\/de\/fachanwalt-fuer-steuerrecht-in-karlsruhe-ettlingen-kanzlei-weber\/"},{"@type":"ListItem","position":2,"name":"Vortr\u00e4ge"}]},{"@type":"WebSite","@id":"https:\/\/www.weberlaw.de\/de\/#website","url":"https:\/\/www.weberlaw.de\/de\/","name":"Weber | Recht &amp; Steuern","description":"Kanzlei f\u00fcr Wirtschafts- und Steuerrecht","publisher":{"@id":"https:\/\/www.weberlaw.de\/de\/#organization"},"potentialAction":[{"@type":"SearchAction","target":{"@type":"EntryPoint","urlTemplate":"https:\/\/www.weberlaw.de\/de\/?s={search_term_string}"},"query-input":{"@type":"PropertyValueSpecification","valueRequired":true,"valueName":"search_term_string"}}],"inLanguage":"de"},{"@type":"Organization","@id":"https:\/\/www.weberlaw.de\/de\/#organization","name":"Weber Recht & Steuern Kanzlei","url":"https:\/\/www.weberlaw.de\/de\/","logo":{"@type":"ImageObject","inLanguage":"de","@id":"https:\/\/www.weberlaw.de\/de\/#\/schema\/logo\/image\/","url":"https:\/\/www.weberlaw.de\/wp-content\/uploads\/2020\/05\/weber-recht-steuern-karlsruhe-baden-baden-3.png","contentUrl":"https:\/\/www.weberlaw.de\/wp-content\/uploads\/2020\/05\/weber-recht-steuern-karlsruhe-baden-baden-3.png","width":890,"height":200,"caption":"Weber Recht & Steuern Kanzlei"},"image":{"@id":"https:\/\/www.weberlaw.de\/de\/#\/schema\/logo\/image\/"},"sameAs":["https:\/\/de.linkedin.com\/in\/konstantinweber"]}]}},"_links":{"self":[{"href":"https:\/\/www.weberlaw.de\/de\/wp-json\/wp\/v2\/pages\/176","targetHints":{"allow":["GET"]}}],"collection":[{"href":"https:\/\/www.weberlaw.de\/de\/wp-json\/wp\/v2\/pages"}],"about":[{"href":"https:\/\/www.weberlaw.de\/de\/wp-json\/wp\/v2\/types\/page"}],"author":[{"embeddable":true,"href":"https:\/\/www.weberlaw.de\/de\/wp-json\/wp\/v2\/users\/2"}],"replies":[{"embeddable":true,"href":"https:\/\/www.weberlaw.de\/de\/wp-json\/wp\/v2\/comments?post=176"}],"version-history":[{"count":11,"href":"https:\/\/www.weberlaw.de\/de\/wp-json\/wp\/v2\/pages\/176\/revisions"}],"predecessor-version":[{"id":2779,"href":"https:\/\/www.weberlaw.de\/de\/wp-json\/wp\/v2\/pages\/176\/revisions\/2779"}],"wp:featuredmedia":[{"embeddable":true,"href":"https:\/\/www.weberlaw.de\/de\/wp-json\/wp\/v2\/media\/551"}],"wp:attachment":[{"href":"https:\/\/www.weberlaw.de\/de\/wp-json\/wp\/v2\/media?parent=176"}],"curies":[{"name":"wp","href":"https:\/\/api.w.org\/{rel}","templated":true}]}}