{"id":40,"date":"2020-02-14T11:24:21","date_gmt":"2020-02-14T11:24:21","guid":{"rendered":"http:\/\/beta.weberlaw.de\/impressum\/"},"modified":"2024-12-22T18:28:48","modified_gmt":"2024-12-22T18:28:48","slug":"imprint","status":"publish","type":"page","link":"https:\/\/www.weberlaw.de\/en\/imprint\/","title":{"rendered":"Imprint"},"content":{"rendered":"<div id='av_section_1'  class='avia-section av-1yayc-662f023f95dc17b5f2cecb2f227ae24d main_color avia-section-default avia-no-border-styling  avia-builder-el-0  avia-builder-el-no-sibling  avia-bg-style-scroll container_wrap fullsize'  ><div class='container av-section-cont-open' ><main  role=\"main\" itemprop=\"mainContentOfPage\"  class='template-page content  av-content-full alpha units'><div class='post-entry post-entry-type-page post-entry-40'><div class='entry-content-wrapper clearfix'>\n\n<style type=\"text\/css\" data-created_by=\"avia_inline_auto\" id=\"style-css-av-2hzio-3586ba6e4f929ae53002c026792d1d3b\">\n.flex_column.av-2hzio-3586ba6e4f929ae53002c026792d1d3b{\nborder-radius:0px 0px 0px 0px;\npadding:0px 0px 0px 0px;\n}\n<\/style>\n<div  class='flex_column av-2hzio-3586ba6e4f929ae53002c026792d1d3b av_one_full  avia-builder-el-1  el_before_av_one_half  avia-builder-el-first  first flex_column_div av-zero-column-padding  '     ><p>\n<style type=\"text\/css\" data-created_by=\"avia_inline_auto\" id=\"style-css-av-3cv4-1b9c8de471aeaed2fc11ee3457f63140\">\n#top .av-special-heading.av-3cv4-1b9c8de471aeaed2fc11ee3457f63140{\npadding-bottom:10px;\n}\nbody .av-special-heading.av-3cv4-1b9c8de471aeaed2fc11ee3457f63140 .av-special-heading-tag .heading-char{\nfont-size:25px;\n}\n.av-special-heading.av-3cv4-1b9c8de471aeaed2fc11ee3457f63140 .av-subheading{\nfont-size:15px;\n}\n<\/style>\n<div  class='av-special-heading av-3cv4-1b9c8de471aeaed2fc11ee3457f63140 av-special-heading-h1 blockquote modern-quote modern-centered  avia-builder-el-2  el_before_av_hr  avia-builder-el-first '><h1 class='av-special-heading-tag '  itemprop=\"headline\"  >Imprint<\/h1><div class=\"special-heading-border\"><div class=\"special-heading-inner-border\"><\/div><\/div><\/div><br \/>\n<div  class='hr av-urt0-d3e73d52425d081570789598bf850eca hr-default  avia-builder-el-3  el_after_av_heading  avia-builder-el-last '><span class='hr-inner '><span class=\"hr-inner-style\"><\/span><\/span><\/div><\/p><\/div>\n<style type=\"text\/css\" data-created_by=\"avia_inline_auto\" id=\"style-css-av-1mehc-8194a60ac2953fba67502d9515930732\">\n.flex_column.av-1mehc-8194a60ac2953fba67502d9515930732{\nborder-radius:0px 0px 0px 0px;\npadding:0px 0px 0px 0px;\n}\n<\/style>\n<div  class='flex_column av-1mehc-8194a60ac2953fba67502d9515930732 av_one_half  avia-builder-el-4  el_after_av_one_full  el_before_av_one_half  first flex_column_div av-zero-column-padding  column-top-margin'     ><section  class='av_textblock_section av-kbuxggfa-f0d8ae2ded6c2b98610cc3c42528b890 '   itemscope=\"itemscope\" itemtype=\"https:\/\/schema.org\/CreativeWork\" ><div class='avia_textblock'  itemprop=\"text\" ><p><strong>Name, Address<\/strong><\/p>\n<p>Weber\u00a0| Recht &amp; Steuern<br \/>\nKonstantin Weber Rechtsanwalt und<br \/>\nFachanwalt f\u00fcr Steuerrecht<\/p>\n<p>Hu\u00dfstra\u00dfe 6<br \/>\nD-76275 Ettlingen, Germany<\/p>\n<p><strong>phone: <\/strong>+ 49 (0) 7243 364 7371<br \/>\n<strong>fax:<\/strong>\u00a0\u00a0+ 49 (0) 7243 364 7971<\/p>\n<p>email: kw@weberlaw.de<br \/>\ninternet: www.weberlaw.de<\/p>\n<\/div><\/section><\/div>\n<style type=\"text\/css\" data-created_by=\"avia_inline_auto\" id=\"style-css-av-16rwk-513d5231a070dce9743e389184d35bfa\">\n.flex_column.av-16rwk-513d5231a070dce9743e389184d35bfa{\nborder-radius:0px 0px 0px 0px;\npadding:0px 0px 0px 0px;\n}\n<\/style>\n<div  class='flex_column av-16rwk-513d5231a070dce9743e389184d35bfa av_one_half  avia-builder-el-6  el_after_av_one_half  el_before_av_one_full  flex_column_div av-zero-column-padding  column-top-margin'     ><section  class='av_textblock_section av-kbuxgpeq-488fb8e4f9edbb3f72a71b7f56bd5b3d '   itemscope=\"itemscope\" itemtype=\"https:\/\/schema.org\/CreativeWork\" ><div class='avia_textblock'  itemprop=\"text\" ><p><strong>Inspecting authority:<\/strong><\/p>\n<p>Rechtsanwaltskammer Karlsruhe<br \/>\nReinhold-Frank-Str. 72<br \/>\n76133 Karlsruhe<br \/>\nTelefon: +49 (0)721 25340<br \/>\nTelefax: +49 (0)721 26627<\/p>\n<p>email: info@rak-karlsruhe.de<br \/>\ninternt: www.rak-karlsruhe.de<\/p>\n<\/div><\/section><\/div>\n<style type=\"text\/css\" data-created_by=\"avia_inline_auto\" id=\"style-css-av-1be6o-b650005720feb445d42c983577e269f5\">\n#top .flex_column.av-1be6o-b650005720feb445d42c983577e269f5{\nmargin-top:0px;\nmargin-bottom:0px;\n}\n.flex_column.av-1be6o-b650005720feb445d42c983577e269f5{\nborder-radius:0px 0px 0px 0px;\npadding:0px 0px 0px 0px;\n}\n.responsive #top #wrap_all .flex_column.av-1be6o-b650005720feb445d42c983577e269f5{\nmargin-top:0px;\nmargin-bottom:0px;\n}\n<\/style>\n<div  class='flex_column av-1be6o-b650005720feb445d42c983577e269f5 av_one_full  avia-builder-el-8  el_after_av_one_half  avia-builder-el-last  first flex_column_div av-zero-column-padding  column-top-margin'     ><section  class='av_textblock_section av-k6m25tb9-93d09d637f738d22327cee53421b94ca '   itemscope=\"itemscope\" itemtype=\"https:\/\/schema.org\/CreativeWork\" ><div class='avia_textblock'  itemprop=\"text\" ><p><strong>Job title:<\/strong><\/p>\n<p>Konstantin Weber was admitted to legal profession and as an attorney at law by the Karlsruhe Chamber of Lawyers in the Federal Republic of Germany. He is authorized to use the professional title \u201cRechtsanwalt\u201d (Attorney at Law).<\/p>\n<p>Konstantin Weber has been authorized by the Karlsruhe Chamber of Lawyers to use the title \u201eFachanwalt f\u00fcr Steuerrecht\u201c (Specialist Attorney at Law for Tax Law).<\/p>\n<p><strong>Professional regulations<\/strong><br \/>\n<strong> for lawyers:<\/strong><\/p>\n<p>The following professional regulations apply in particular:<\/p>\n<p>Bundesrechtsanwaltsordnung (BRAO)<\/p>\n<p>Berufsordnung (BORA)<\/p>\n<p>Fachanwaltsordnung (FAO)<\/p>\n<p>Berufsregeln der Rechtsanw\u00e4lte der Europ\u00e4ischen Union (CCBE-Berufsregeln)<\/p>\n<p>Gesetz \u00fcber die T\u00e4tigkeit der europ\u00e4ischen Rechtsanw\u00e4lte in Deutschland (EuRAG)<\/p>\n<p>Gesetz \u00fcber die Verg\u00fctung der Rechtsanw\u00e4ltinnen und Rechtsanw\u00e4lte (RVG)<\/p>\n<p>Bundesgeb\u00fchrenordnung (BRAGO)<\/p>\n<p>All professional regulations for lawyers can be viewed on the homepage of the German Federal Bar Association at www.brak.de under \u201cBerufsrecht\u201d and \u201cGeb\u00fchren und Honorare\u201d.<\/p>\n<p>All professional regulations for lawyers can also be viewed on the website of the Federal Ministry of Justice and Consumer Protection at www.gesetze-im-internet.de.<\/p>\n<p>VAT Identification Number:<\/p>\n<p>DE292221861<\/p>\n<p><strong>Professional liability:<\/strong><\/p>\n<p>R+V Allgemeine Versicherung AG<br \/>\nRaiffeisenplatz 1<br \/>\n65189 Wiesbaden<\/p>\n<p><strong>Spatial scope of application:<\/strong><\/p>\n<p>The insurance cover applies throughout the EU and the states of the Agreement on the European Economic Area.<\/p>\n<p>The insurance cover does not apply to liability claims in connection with advice and employment in non-European law or with activities or claims before non-European courts.<\/p>\n<p><strong>Person responsible for content:<\/strong><\/p>\n<p>Konstantin Weber<\/p>\n<p>Media design and implementation of web presence:<\/p>\n<p>Axel Schilling<br \/>\nMedienfachwirt<br \/>\nwww.websites-karlsruhe.de<\/p>\n<p><strong>Legal disclaimer:<\/strong><\/p>\n<p>The contents of our pages have been created with the greatest care. We assume no liability for the topicality, correctness and completeness of the contents. We also assume no liability for the contents of external links. The operators of these pages are solely responsible for the content of the linked pages.<\/p>\n<p><strong>Data protection:<\/strong><\/p>\n<p>We only collect, use and process personal data if this is permitted by the relevant data protection regulations or if the user has consented to the collection, use and processing of his or her personal data.<\/p>\n<p><strong>Picture credits:<\/strong><\/p>\n<p>Goodbild Bilder-Shop<\/p>\n<p><strong>Indication of the foreign copyright:<\/strong><\/p>\n<p>The rights to the image on our Contact page under the heading \u201cContact \u201d are owned by Google (www.maps.google.de). 2014<\/p>\n<\/div><\/section><\/div>\n","protected":false},"excerpt":{"rendered":"","protected":false},"author":2,"featured_media":532,"parent":0,"menu_order":0,"comment_status":"closed","ping_status":"closed","template":"","meta":{"footnotes":""},"class_list":["post-40","page","type-page","status-publish","has-post-thumbnail","hentry"],"yoast_head":"<!-- This site is optimized with the Yoast SEO plugin v27.3 - https:\/\/yoast.com\/product\/yoast-seo-wordpress\/ -->\n<title>Imprint - Weber | Recht &amp; Steuern<\/title>\n<meta name=\"robots\" content=\"index, follow, max-snippet:-1, max-image-preview:large, max-video-preview:-1\" \/>\n<link rel=\"canonical\" href=\"https:\/\/www.weberlaw.de\/en\/imprint\/\" \/>\n<meta property=\"og:locale\" content=\"en_US\" \/>\n<meta property=\"og:type\" content=\"article\" \/>\n<meta property=\"og:title\" content=\"Imprint - Weber | Recht &amp; Steuern\" \/>\n<meta property=\"og:url\" content=\"https:\/\/www.weberlaw.de\/en\/imprint\/\" \/>\n<meta property=\"og:site_name\" content=\"Weber | Recht &amp; Steuern\" \/>\n<meta property=\"article:modified_time\" content=\"2024-12-22T18:28:48+00:00\" \/>\n<meta property=\"og:image\" content=\"https:\/\/www.weberlaw.de\/wp-content\/uploads\/2020\/05\/Kontakt.jpg\" \/>\n\t<meta property=\"og:image:width\" content=\"800\" \/>\n\t<meta property=\"og:image:height\" content=\"533\" \/>\n\t<meta property=\"og:image:type\" content=\"image\/jpeg\" \/>\n<meta name=\"twitter:card\" content=\"summary_large_image\" \/>\n<meta name=\"twitter:label1\" content=\"Est. reading time\" \/>\n\t<meta name=\"twitter:data1\" content=\"3 minutes\" \/>\n<script type=\"application\/ld+json\" class=\"yoast-schema-graph\">{\"@context\":\"https:\\\/\\\/schema.org\",\"@graph\":[{\"@type\":\"WebPage\",\"@id\":\"https:\\\/\\\/www.weberlaw.de\\\/en\\\/imprint\\\/\",\"url\":\"https:\\\/\\\/www.weberlaw.de\\\/en\\\/imprint\\\/\",\"name\":\"Imprint - Weber | Recht &amp; Steuern\",\"isPartOf\":{\"@id\":\"https:\\\/\\\/www.weberlaw.de\\\/de\\\/#website\"},\"primaryImageOfPage\":{\"@id\":\"https:\\\/\\\/www.weberlaw.de\\\/en\\\/imprint\\\/#primaryimage\"},\"image\":{\"@id\":\"https:\\\/\\\/www.weberlaw.de\\\/en\\\/imprint\\\/#primaryimage\"},\"thumbnailUrl\":\"https:\\\/\\\/www.weberlaw.de\\\/wp-content\\\/uploads\\\/2020\\\/05\\\/Kontakt.jpg\",\"datePublished\":\"2020-02-14T11:24:21+00:00\",\"dateModified\":\"2024-12-22T18:28:48+00:00\",\"breadcrumb\":{\"@id\":\"https:\\\/\\\/www.weberlaw.de\\\/en\\\/imprint\\\/#breadcrumb\"},\"inLanguage\":\"en-US\",\"potentialAction\":[{\"@type\":\"ReadAction\",\"target\":[\"https:\\\/\\\/www.weberlaw.de\\\/en\\\/imprint\\\/\"]}]},{\"@type\":\"ImageObject\",\"inLanguage\":\"en-US\",\"@id\":\"https:\\\/\\\/www.weberlaw.de\\\/en\\\/imprint\\\/#primaryimage\",\"url\":\"https:\\\/\\\/www.weberlaw.de\\\/wp-content\\\/uploads\\\/2020\\\/05\\\/Kontakt.jpg\",\"contentUrl\":\"https:\\\/\\\/www.weberlaw.de\\\/wp-content\\\/uploads\\\/2020\\\/05\\\/Kontakt.jpg\",\"width\":800,\"height\":533,\"caption\":\"Contact\"},{\"@type\":\"BreadcrumbList\",\"@id\":\"https:\\\/\\\/www.weberlaw.de\\\/en\\\/imprint\\\/#breadcrumb\",\"itemListElement\":[{\"@type\":\"ListItem\",\"position\":1,\"name\":\"Kanzlei f\u00fcr Recht &amp; Steuern\",\"item\":\"https:\\\/\\\/www.weberlaw.de\\\/en\\\/law-tax-office-karlsruhe-germany\\\/\"},{\"@type\":\"ListItem\",\"position\":2,\"name\":\"Imprint\"}]},{\"@type\":\"WebSite\",\"@id\":\"https:\\\/\\\/www.weberlaw.de\\\/de\\\/#website\",\"url\":\"https:\\\/\\\/www.weberlaw.de\\\/de\\\/\",\"name\":\"Weber | Recht &amp; Steuern\",\"description\":\"Kanzlei f\u00fcr Wirtschafts- und Steuerrecht\",\"publisher\":{\"@id\":\"https:\\\/\\\/www.weberlaw.de\\\/de\\\/#organization\"},\"potentialAction\":[{\"@type\":\"SearchAction\",\"target\":{\"@type\":\"EntryPoint\",\"urlTemplate\":\"https:\\\/\\\/www.weberlaw.de\\\/de\\\/?s={search_term_string}\"},\"query-input\":{\"@type\":\"PropertyValueSpecification\",\"valueRequired\":true,\"valueName\":\"search_term_string\"}}],\"inLanguage\":\"en-US\"},{\"@type\":\"Organization\",\"@id\":\"https:\\\/\\\/www.weberlaw.de\\\/de\\\/#organization\",\"name\":\"Weber Recht & Steuern Kanzlei\",\"url\":\"https:\\\/\\\/www.weberlaw.de\\\/de\\\/\",\"logo\":{\"@type\":\"ImageObject\",\"inLanguage\":\"en-US\",\"@id\":\"https:\\\/\\\/www.weberlaw.de\\\/de\\\/#\\\/schema\\\/logo\\\/image\\\/\",\"url\":\"https:\\\/\\\/www.weberlaw.de\\\/wp-content\\\/uploads\\\/2020\\\/05\\\/weber-recht-steuern-karlsruhe-baden-baden-3.png\",\"contentUrl\":\"https:\\\/\\\/www.weberlaw.de\\\/wp-content\\\/uploads\\\/2020\\\/05\\\/weber-recht-steuern-karlsruhe-baden-baden-3.png\",\"width\":890,\"height\":200,\"caption\":\"Weber Recht & Steuern Kanzlei\"},\"image\":{\"@id\":\"https:\\\/\\\/www.weberlaw.de\\\/de\\\/#\\\/schema\\\/logo\\\/image\\\/\"},\"sameAs\":[\"https:\\\/\\\/de.linkedin.com\\\/in\\\/konstantinweber\"]}]}<\/script>\n<!-- \/ Yoast SEO plugin. -->","yoast_head_json":{"title":"Imprint - Weber | Recht &amp; Steuern","robots":{"index":"index","follow":"follow","max-snippet":"max-snippet:-1","max-image-preview":"max-image-preview:large","max-video-preview":"max-video-preview:-1"},"canonical":"https:\/\/www.weberlaw.de\/en\/imprint\/","og_locale":"en_US","og_type":"article","og_title":"Imprint - Weber | Recht &amp; Steuern","og_url":"https:\/\/www.weberlaw.de\/en\/imprint\/","og_site_name":"Weber | Recht &amp; Steuern","article_modified_time":"2024-12-22T18:28:48+00:00","og_image":[{"width":800,"height":533,"url":"https:\/\/www.weberlaw.de\/wp-content\/uploads\/2020\/05\/Kontakt.jpg","type":"image\/jpeg"}],"twitter_card":"summary_large_image","twitter_misc":{"Est. reading time":"3 minutes"},"schema":{"@context":"https:\/\/schema.org","@graph":[{"@type":"WebPage","@id":"https:\/\/www.weberlaw.de\/en\/imprint\/","url":"https:\/\/www.weberlaw.de\/en\/imprint\/","name":"Imprint - Weber | Recht &amp; Steuern","isPartOf":{"@id":"https:\/\/www.weberlaw.de\/de\/#website"},"primaryImageOfPage":{"@id":"https:\/\/www.weberlaw.de\/en\/imprint\/#primaryimage"},"image":{"@id":"https:\/\/www.weberlaw.de\/en\/imprint\/#primaryimage"},"thumbnailUrl":"https:\/\/www.weberlaw.de\/wp-content\/uploads\/2020\/05\/Kontakt.jpg","datePublished":"2020-02-14T11:24:21+00:00","dateModified":"2024-12-22T18:28:48+00:00","breadcrumb":{"@id":"https:\/\/www.weberlaw.de\/en\/imprint\/#breadcrumb"},"inLanguage":"en-US","potentialAction":[{"@type":"ReadAction","target":["https:\/\/www.weberlaw.de\/en\/imprint\/"]}]},{"@type":"ImageObject","inLanguage":"en-US","@id":"https:\/\/www.weberlaw.de\/en\/imprint\/#primaryimage","url":"https:\/\/www.weberlaw.de\/wp-content\/uploads\/2020\/05\/Kontakt.jpg","contentUrl":"https:\/\/www.weberlaw.de\/wp-content\/uploads\/2020\/05\/Kontakt.jpg","width":800,"height":533,"caption":"Contact"},{"@type":"BreadcrumbList","@id":"https:\/\/www.weberlaw.de\/en\/imprint\/#breadcrumb","itemListElement":[{"@type":"ListItem","position":1,"name":"Kanzlei f\u00fcr Recht &amp; Steuern","item":"https:\/\/www.weberlaw.de\/en\/law-tax-office-karlsruhe-germany\/"},{"@type":"ListItem","position":2,"name":"Imprint"}]},{"@type":"WebSite","@id":"https:\/\/www.weberlaw.de\/de\/#website","url":"https:\/\/www.weberlaw.de\/de\/","name":"Weber | Recht &amp; Steuern","description":"Kanzlei f\u00fcr Wirtschafts- und Steuerrecht","publisher":{"@id":"https:\/\/www.weberlaw.de\/de\/#organization"},"potentialAction":[{"@type":"SearchAction","target":{"@type":"EntryPoint","urlTemplate":"https:\/\/www.weberlaw.de\/de\/?s={search_term_string}"},"query-input":{"@type":"PropertyValueSpecification","valueRequired":true,"valueName":"search_term_string"}}],"inLanguage":"en-US"},{"@type":"Organization","@id":"https:\/\/www.weberlaw.de\/de\/#organization","name":"Weber Recht & Steuern Kanzlei","url":"https:\/\/www.weberlaw.de\/de\/","logo":{"@type":"ImageObject","inLanguage":"en-US","@id":"https:\/\/www.weberlaw.de\/de\/#\/schema\/logo\/image\/","url":"https:\/\/www.weberlaw.de\/wp-content\/uploads\/2020\/05\/weber-recht-steuern-karlsruhe-baden-baden-3.png","contentUrl":"https:\/\/www.weberlaw.de\/wp-content\/uploads\/2020\/05\/weber-recht-steuern-karlsruhe-baden-baden-3.png","width":890,"height":200,"caption":"Weber Recht & Steuern Kanzlei"},"image":{"@id":"https:\/\/www.weberlaw.de\/de\/#\/schema\/logo\/image\/"},"sameAs":["https:\/\/de.linkedin.com\/in\/konstantinweber"]}]}},"_links":{"self":[{"href":"https:\/\/www.weberlaw.de\/en\/wp-json\/wp\/v2\/pages\/40","targetHints":{"allow":["GET"]}}],"collection":[{"href":"https:\/\/www.weberlaw.de\/en\/wp-json\/wp\/v2\/pages"}],"about":[{"href":"https:\/\/www.weberlaw.de\/en\/wp-json\/wp\/v2\/types\/page"}],"author":[{"embeddable":true,"href":"https:\/\/www.weberlaw.de\/en\/wp-json\/wp\/v2\/users\/2"}],"replies":[{"embeddable":true,"href":"https:\/\/www.weberlaw.de\/en\/wp-json\/wp\/v2\/comments?post=40"}],"version-history":[{"count":11,"href":"https:\/\/www.weberlaw.de\/en\/wp-json\/wp\/v2\/pages\/40\/revisions"}],"predecessor-version":[{"id":1847,"href":"https:\/\/www.weberlaw.de\/en\/wp-json\/wp\/v2\/pages\/40\/revisions\/1847"}],"wp:featuredmedia":[{"embeddable":true,"href":"https:\/\/www.weberlaw.de\/en\/wp-json\/wp\/v2\/media\/532"}],"wp:attachment":[{"href":"https:\/\/www.weberlaw.de\/en\/wp-json\/wp\/v2\/media?parent=40"}],"curies":[{"name":"wp","href":"https:\/\/api.w.org\/{rel}","templated":true}]}}